{"id":1013,"date":"2017-01-08T16:41:51","date_gmt":"2017-01-08T15:41:51","guid":{"rendered":"https:\/\/www.afrikconsul.org\/?page_id=1013&#038;lang=fr"},"modified":"2025-10-14T14:15:28","modified_gmt":"2025-10-14T12:15:28","slug":"legalisation","status":"publish","type":"page","link":"https:\/\/www.afrikconsul.org\/fr\/legalisation\/","title":{"rendered":"L\u00e9galisation pour nous Membres"},"content":{"rendered":"<p><strong>Afrikconsul e.V <\/strong>\u00a0 aide \u00e0 travers ses actions la Legalisation et traduction des documents de ses membres des\u00a0 professionnels reconnus dans le metier et valables dans toute institution Europ\u00e9enne. La Traduction de vos documents passent par le contr\u00f4le systh\u00e9matique d&#8217;<strong>AFRIKCONSUL e.V <\/strong>\u00a0avant d&#8217;\u00eatre transmise \u00e0 l&#8217;ambassade africaine destin\u00e9e.<\/p>\n<p><strong>AFRIKCONSUL <\/strong>\u00a0traduit :<\/p>\n<ul>\n<li>Acte de naissance<\/li>\n<li>Acte de Mariage<\/li>\n<li>Dipl\u00f4me scolaire<\/li>\n<li>Certificat quelconque<\/li>\n<li>Permis de conduire<\/li>\n<li>Procuration<\/li>\n<li>etc,&#8230;,<\/li>\n<\/ul>\n<p><img loading=\"lazy\" class=\"alignnone size-medium wp-image-5512\" src=\"https:\/\/www.afrikconsul.org\/wp-content\/uploads\/2016\/12\/translate-110777__340-300x183.jpg\" alt=\"\" width=\"300\" height=\"183\" srcset=\"https:\/\/www.afrikconsul.org\/wp-content\/uploads\/2016\/12\/translate-110777__340-300x183.jpg 300w, https:\/\/www.afrikconsul.org\/wp-content\/uploads\/2016\/12\/translate-110777__340.jpg 557w\" sizes=\"(max-width: 300px) 100vw, 300px\" \/><img loading=\"lazy\" class=\"alignnone size-medium wp-image-5523\" src=\"https:\/\/www.afrikconsul.org\/wp-content\/uploads\/2017\/01\/globe-110775__340-300x160.jpg\" alt=\"\" width=\"300\" height=\"160\" srcset=\"https:\/\/www.afrikconsul.org\/wp-content\/uploads\/2017\/01\/globe-110775__340-300x160.jpg 300w, https:\/\/www.afrikconsul.org\/wp-content\/uploads\/2017\/01\/globe-110775__340-600x320.jpg 600w, https:\/\/www.afrikconsul.org\/wp-content\/uploads\/2017\/01\/globe-110775__340.jpg 637w\" sizes=\"(max-width: 300px) 100vw, 300px\" \/><\/p>\n<p>Vos docuements sont gard\u00e9s dans toute securit\u00e9 et confidentialit\u00e9 jusqu&#8217;au renvoi par <strong>AFRIKCONSUL<\/strong>.<\/p>\n<p>Pour vos Traduction, il suffit de nous envoyer par Fax ou email une copie du document \u00e0 traduire, trois jours apr\u00e8s vous recevez par poste le document traduit et certifi\u00e9 par un traducteur reconnu&#8230;<\/p>\n<ul>\n<li><strong>AFRIKCONSUL<\/strong> s&#8217;oblige \u00e0 vous informer \u00e0 tout moment sur l&#8217;\u00e9volution de vos documents<br \/>\n<h6><\/h6>\n<h4><strong>Afrikconsul e.V<\/strong><\/h4>\n<h5><strong>Gro\u00dfkopfstr.6\/7\u00a0 13403 Berlin-Deutschland<br \/>\n<\/strong><\/h5>\n<\/li>\n<\/ul>\n<p><strong>eMail:\u00a0<a href=\"news@afrikconsul.org\">news@afrikconsul.org<\/a>\u00a0 Tel.:\u00a0 030 81306818\u00a0 \u00a0 Urgence: +49176 27824505<\/strong><\/p>\n<p>&nbsp;<\/p>\n<p>&nbsp;<\/p>\n","protected":false},"excerpt":{"rendered":"<p>Afrikconsul e.V \u00a0 aide \u00e0 travers ses actions la Legalisation et traduction des documents de ses membres des\u00a0 professionnels reconnus dans le metier et valables dans toute institution Europ\u00e9enne. La Traduction de vos documents passent par le contr\u00f4le systh\u00e9matique d&#8217;AFRIKCONSUL e.V \u00a0avant d&#8217;\u00eatre transmise \u00e0 l&#8217;ambassade africaine destin\u00e9e. AFRIKCONSUL \u00a0traduit : Acte de naissance Acte&#8230;<\/p>\n","protected":false},"author":1,"featured_media":0,"parent":0,"menu_order":0,"comment_status":"closed","ping_status":"closed","template":"","meta":[],"_links":{"self":[{"href":"https:\/\/www.afrikconsul.org\/fr\/wp-json\/wp\/v2\/pages\/1013"}],"collection":[{"href":"https:\/\/www.afrikconsul.org\/fr\/wp-json\/wp\/v2\/pages"}],"about":[{"href":"https:\/\/www.afrikconsul.org\/fr\/wp-json\/wp\/v2\/types\/page"}],"author":[{"embeddable":true,"href":"https:\/\/www.afrikconsul.org\/fr\/wp-json\/wp\/v2\/users\/1"}],"replies":[{"embeddable":true,"href":"https:\/\/www.afrikconsul.org\/fr\/wp-json\/wp\/v2\/comments?post=1013"}],"version-history":[{"count":10,"href":"https:\/\/www.afrikconsul.org\/fr\/wp-json\/wp\/v2\/pages\/1013\/revisions"}],"predecessor-version":[{"id":7349,"href":"https:\/\/www.afrikconsul.org\/fr\/wp-json\/wp\/v2\/pages\/1013\/revisions\/7349"}],"wp:attachment":[{"href":"https:\/\/www.afrikconsul.org\/fr\/wp-json\/wp\/v2\/media?parent=1013"}],"curies":[{"name":"wp","href":"https:\/\/api.w.org\/{rel}","templated":true}]}}