{"id":1821,"date":"2017-03-05T20:39:41","date_gmt":"2017-03-05T19:39:41","guid":{"rendered":"https:\/\/www.afrikconsul.org\/fr\/?page_id=1821"},"modified":"2017-03-07T03:34:53","modified_gmt":"2017-03-07T02:34:53","slug":"register","status":"publish","type":"page","link":"https:\/\/www.afrikconsul.org\/fr\/register\/","title":{"rendered":"Creer un compte"},"content":{"rendered":"\n\n\n\n<div id=\"upme-registration\" class=\"upme-wrap upme-registration upme-registration-VRkgl8iZ3irs  \">\n    <div class=\"upme-inner upme-registration-wrapper upme-clearfix\">\n\n        \n            <!-- UPME Filters for before registration head section -->\n                        <!-- End Filters -->\n\n            <!-- UPME Filters for customizing head section -->\n            \n<div class=\"upme-head upme-registration-head upme-registration-head-VRkgl8iZ3irs\">\n                 \n    <div class=\"upme-left\">\n        <div class=\" upme-pic \">\n            <img alt='' src='https:\/\/secure.gravatar.com\/avatar\/6a6c19fea4a3676970167ce51f39e6ee?s=50&#038;d=mm&#038;r=g' srcset='https:\/\/secure.gravatar.com\/avatar\/6a6c19fea4a3676970167ce51f39e6ee?s=100&#038;d=mm&#038;r=g 2x' class='avatar avatar-50 photo' height='50' width='50' loading='lazy'\/>        <\/div>\n\n        <div class=\"upme-name\">\n            <div class=\"upme-field-name upme-field-name-wide\">\n                Hier erscheint dein Anzeigename.            <\/div>\n        <\/div>\n    <\/div>\n\n    <div class=\"upme-right\"><\/div>\n    <div class=\"upme-clear\"><\/div>                 \n<\/div>            <!-- End Filters -->\n\n        \n        <!-- UPME Filters for after registration head section -->\n                <!-- End Filters -->\n\n        <div class=\"upme-main\">\n            <div class=\"upme-errors\" style=\"display:none;\" id=\"pass_err_holder\">\n                <span class=\"upme-error upme-error-block\" id=\"pass_err_block\">\n                    <i class=\"upme-icon upme-icon-remove\"><\/i>\n                    Please enter a username.                <\/span>\n            <\/div>\n\n                        <form action=\"\" method=\"post\" id=\"upme-registration-form\" class=\"upme-registration-form-VRkgl8iZ3irs\" enctype=\"multipart\/form-data\" ><div class=\"upme-field upme-separator upme-edit upme-edit-show upme-clearfix upme-account_info_separator\">Info de Compte<\/div><div class=\"upme-field upme-edit upme-edit-show upme-user_login\"><label class=\"upme-field-type\" for=\"user_login\"><i class=\"upme-icon upme-icon-user\"><\/i><span>Nom d'utilisateur<\/span><span class=\"upme-required\">&nbsp;*<\/span><\/label><div class=\"upme-field-value\"><input type=\"text\" class=\"upme-input required\" name=\"user_login\" id=\"reg_user_login\" value=\"\" title=\"Nom d'utilisateur\" \/><\/div><\/div><div class=\"upme-clear\"><\/div><div class=\"upme-field upme-edit upme-edit-show upme-user_email\"><label class=\"upme-field-type\" for=\"user_email\"><i class=\"upme-icon upme-icon-envelope\"><\/i><span>E-mail<\/span><span class=\"upme-required\">&nbsp;*<\/span><\/label><div class=\"upme-field-value\"><input type=\"text\" class=\"upme-input required\" name=\"user_email\" id=\"reg_user_email\" value=\"\" title=\"E-mail\" \/><div class=\"upme-hide-from-public\">\n                    <i class=\"upme-icon upme-icon-square-o\"><\/i>Masqu\u00e9 au public\n                    <input type=\"hidden\" name=\"hide_user_email\" id=\"hide_user_email\" value=\"\" \/>\n                    <\/div><\/div><\/div><div class=\"upme-clear\"><\/div><div class=\"upme-field upme-edit upme-edit-show upme-user_pass\"><label class=\"upme-field-type\" for=\"user_pass\"><i class=\"upme-icon upme-icon-lock\"><\/i><span>Mot de passe<\/span><span class=\"upme-required\">&nbsp;*<\/span><\/label><div class=\"upme-field-value\"><input type=\"password\" class=\"upme-input password required\" name=\"user_pass\" id=\"reg_user_pass\" value=\"\" autocomplete=\"off\" title=\"Mot de passe\" \/><div class=\"upme-help-text upme-help\">Le mot de passe doit contenir au moins 7 caract\u00e8res. Pour le rendre plus difficile \u00e0 trouver, utilisez des lettres minuscules et majuscules, des chiffres et des symboles.<\/div><\/div><\/div><div class=\"upme-clear\"><\/div><div class=\"upme-field upme-edit upme-edit-show upme-user_pass_confirm\"><label class=\"upme-field-type\" for=\"user_pass_confirm\"><i class=\"upme-icon upme-icon-none\"><\/i><span>Confirmez votre mot de passe<\/span><span class=\"upme-required\">&nbsp;*<\/span><\/label><div class=\"upme-field-value\"><input type=\"password\" class=\"upme-input password required\" name=\"user_pass_confirm\" id=\"reg_user_pass_confirm\" value=\"\" autocomplete=\"off\" title=\"Confirmez votre mot de passe\" \/><div class=\"upme-help-text upme-help\">Indiquez votre mot de passe une 2\u00e8me fois.<\/div><\/div><\/div><div class=\"upme-clear\"><\/div><div class=\"upme-field upme-edit upme-edit-show upme-user_pass_confirm\"><label class=\"upme-field-type\">&nbsp;<\/label><div class=\"upme-field-value\"><div class=\"password-meter\"><div class=\"password-meter-message\" id=\"password-meter-message\">Strength Indicator<\/div><\/div><\/div><\/div><div class=\"upme-clear\"><\/div><div class=\"upme-field upme-edit upme-edit-show \"><label class=\"upme-field-type\" for=\"first_name\"><i class=\"upme-icon upme-icon-user\"><\/i><span>Vorname<\/span><\/label><div class=\"upme-field-value\"><input type=\"text\"  class=\"upme-input\" name=\"first_name\" id=\"first_name\" value=\"\"  title=\"Vorname\" \/><div class=\"upme-hide-from-public\">\n                    <i class=\"upme-icon upme-icon-square-o\"><\/i>Masqu\u00e9 au public\n                    <input type=\"hidden\" name=\"hide_first_name\" id=\"hide_first_name\" value=\"\" \/>\n                    <\/div><\/div><\/div><div class=\"upme-clear\"><\/div><div class=\"upme-field upme-edit upme-edit-show \"><label class=\"upme-field-type\" for=\"last_name\"><i class=\"upme-icon upme-icon-none\"><\/i><span>Nachname<\/span><\/label><div class=\"upme-field-value\"><input type=\"text\"  class=\"upme-input\" name=\"last_name\" id=\"last_name\" value=\"\"  title=\"Nachname\" \/><div class=\"upme-hide-from-public\">\n                    <i class=\"upme-icon upme-icon-square-o\"><\/i>Masqu\u00e9 au public\n                    <input type=\"hidden\" name=\"hide_last_name\" id=\"hide_last_name\" value=\"\" \/>\n                    <\/div><\/div><\/div><div class=\"upme-clear\"><\/div><input type=\"hidden\" name=\"no_captcha\" value=\"yes\" \/><div class=\"upme-field upme-edit upme-edit-show\">\n            <label class=\"upme-field-type upme-field-type-\">&nbsp;<\/label>\n            <div class=\"upme-field-value\"><input type=\"hidden\" name=\"upme-register-form-name\" value=\"VRkgl8iZ3irs\" \/>\n                         <input type=\"hidden\" name=\"upme-hidden-register-form-name-hash\" value=\"3fbf0becda378b3a68a31e3feebd85841ed690d4a3fe039d7b06ca83742de708\" \/>\n                         <input type=\"hidden\" name=\"upme-register-form\" value=\"upme-register-form\" \/>\n                         <button type=\"submit\" name=\"upme-register\" id=\"upme-register\" class=\"upme-button\" >Inscription<i class=\"upme-ajax-loading-icon upme-icon upme-icon-refresh upme-icon-spin\"><\/i><\/button><\/div>\n            <\/div><div class=\"upme-clear\"><\/div><\/form>\n        <\/div>\n\n        <!-- UPME Filters for after registration fields section -->\n        <div align=\"center\" style=\"margin:10px\"><div align=\"center\" class=\"upme-social-header\" ><\/div><\/div><div class=\"upme-clear\"><\/div>        <!-- End Filters -->\n\n    <\/div>\n<\/div>\n\n\n","protected":false},"excerpt":{"rendered":"Hier erscheint dein Anzeigename. Please enter a username. Info de CompteNom d'utilisateur&nbsp;*E-mail&nbsp;* Masqu\u00e9 au public Mot de passe&nbsp;*Le mot de passe doit contenir au moins 7 caract\u00e8res. Pour le rendre plus difficile \u00e0 trouver, utilisez des lettres minuscules et majuscules, des chiffres et des symboles.Confirmez votre mot de passe&nbsp;*Indiquez votre mot de passe une 2\u00e8me...","protected":false},"author":1,"featured_media":0,"parent":0,"menu_order":0,"comment_status":"closed","ping_status":"closed","template":"","meta":[],"_links":{"self":[{"href":"https:\/\/www.afrikconsul.org\/fr\/wp-json\/wp\/v2\/pages\/1821"}],"collection":[{"href":"https:\/\/www.afrikconsul.org\/fr\/wp-json\/wp\/v2\/pages"}],"about":[{"href":"https:\/\/www.afrikconsul.org\/fr\/wp-json\/wp\/v2\/types\/page"}],"author":[{"embeddable":true,"href":"https:\/\/www.afrikconsul.org\/fr\/wp-json\/wp\/v2\/users\/1"}],"replies":[{"embeddable":true,"href":"https:\/\/www.afrikconsul.org\/fr\/wp-json\/wp\/v2\/comments?post=1821"}],"version-history":[{"count":3,"href":"https:\/\/www.afrikconsul.org\/fr\/wp-json\/wp\/v2\/pages\/1821\/revisions"}],"predecessor-version":[{"id":1971,"href":"https:\/\/www.afrikconsul.org\/fr\/wp-json\/wp\/v2\/pages\/1821\/revisions\/1971"}],"wp:attachment":[{"href":"https:\/\/www.afrikconsul.org\/fr\/wp-json\/wp\/v2\/media?parent=1821"}],"curies":[{"name":"wp","href":"https:\/\/api.w.org\/{rel}","templated":true}]}}