{"id":416,"date":"2020-12-25T15:25:48","date_gmt":"2020-12-25T14:25:48","guid":{"rendered":"https:\/\/www.afrikconsul.org\/?page_id=416&#038;lang=fr"},"modified":"2025-10-14T23:47:36","modified_gmt":"2025-10-14T21:47:36","slug":"accueil","status":"publish","type":"page","link":"https:\/\/www.afrikconsul.org\/fr\/","title":{"rendered":"Accueil"},"content":{"rendered":"<section class=\"l-section wpb_row height_medium with_video homep\"><div class=\"l-section-video\"><video muted loop autoplay preload=\"auto\"><source type=\"video\/mp4\" src=\"0\" \/><\/video><\/div><div class=\"l-section-h i-cf\"><div class=\"g-cols offset_medium\"><div class=\"vc_col-sm-12 wpb_column vc_column_container\"><div class=\"vc_column-inner\"><div class=\"wpb_text_column \"><div class=\"wpb_wrapper\"><p><\/p><\/div> <\/div> <\/div><\/div><\/div><\/div><\/section><section class=\"l-section wpb_row height_medium with_video\"><div class=\"l-section-video\"><video muted loop autoplay preload=\"auto\"><source type=\"video\/mp4\" src=\"0\" \/><\/video><\/div><div class=\"l-section-h i-cf\"><div class=\"g-cols offset_medium\"><div class=\"vc_col-sm-8 wpb_column vc_column_container\"><div class=\"vc_column-inner\"><div class=\"w-blog layout_smallcircle cols_1\" itemscope=\"itemscope\" itemtype=\"https:\/\/schema.org\/Blog\"><div class=\"w-blog-list\">\n\n<article class=\"w-blog-post non-classifiee post-5915 post type-post status-publish format-standard has-post-thumbnail sticky hentry category-non-classifiee\" data-id=\"5915\" data-categories=\"non-classifiee\">\n\t<div class=\"w-blog-post-h\">\n\t\t<a href=\"https:\/\/www.afrikconsul.org\/fr\/nous-appretons-vos-visas-pour-toute-lafrique\/\">\n\t\t\t<div class=\"w-blog-post-preview\">\n\t\t\t\t<img width=\"350\" height=\"350\" src=\"https:\/\/www.afrikconsul.org\/wp-content\/uploads\/2022\/11\/africa-1974671-350x350.png\" class=\"attachment-tnail-1x1-small size-tnail-1x1-small wp-post-image\" alt=\"\" loading=\"lazy\" srcset=\"https:\/\/www.afrikconsul.org\/wp-content\/uploads\/2022\/11\/africa-1974671-350x350.png 350w, https:\/\/www.afrikconsul.org\/wp-content\/uploads\/2022\/11\/africa-1974671-150x150.png 150w, https:\/\/www.afrikconsul.org\/wp-content\/uploads\/2022\/11\/africa-1974671-600x600.png 600w, https:\/\/www.afrikconsul.org\/wp-content\/uploads\/2022\/11\/africa-1974671-65x65.png 65w\" sizes=\"(max-width: 350px) 100vw, 350px\" \/>\t\t\t\t<span class=\"w-blog-post-preview-icon\" style=\"padding-bottom: 66.6667%;\"><\/span>\n\t\t\t<\/div>\n\t\t<\/a>\n\t\t<div class=\"w-blog-post-body\">\n\t\t\t<h2 class=\"w-blog-post-title\">\n\t\t\t\t<a class=\"entry-title\" rel=\"bookmark\" href=\"https:\/\/www.afrikconsul.org\/fr\/nous-appretons-vos-visas-pour-toute-lafrique\/\">Ce que Tu dois savoir au sujet de l&#8217;Afrique<\/a>\n\t\t\t<\/h2>\n\t\t\t<div class=\"w-blog-post-meta\">\n\t\t\t\t<time class=\"w-blog-post-meta-date date updated\">23. April 2023<\/time><span class=\"w-blog-post-meta-author vcard author hidden\"><a href=\"https:\/\/www.afrikconsul.org\/fr\/profile\/marco\" class=\"fn\">Marc Kamdoum<\/a><\/span>\t\t\t<\/div>\n\t\t\t<div class=\"w-blog-post-content\">\n\t\t\t\t<p>Apr\u00e8s l&#8217;Asie, l&#8217;Afrique est le deuxi\u00e8me continent du monde dans l&#8217;ordre de grandeur, ayant trois fois la taille de l&#8217;Europe. \u00a0Sur le continent africain se trouvent presque toutes les v\u00e9g\u00e9tations et zones climatiques existantes. Le continent est divis\u00e9 en cinq r\u00e9gions: L&#8217;Afrique du Nord, l&#8217;Afrique de l&#8217;Ouest, l&#8217;Afrique centrale, l&#8217;Afrique australe et l&#8217;Afrique de l&#8217;Est&#8230;.<\/p>\n\t\t\t<\/div>\n\t\t\t<a class=\"w-blog-post-more w-btn\" href=\"https:\/\/www.afrikconsul.org\/fr\/nous-appretons-vos-visas-pour-toute-lafrique\/\"><span class=\"w-btn-label\">En savoir plus<\/span><\/a>\n\t\t<\/div>\n\t<\/div>\n<\/article>\n\n\n\n<article class=\"w-blog-post non-classifiee post-7377 post type-post status-publish format-standard has-post-thumbnail hentry category-non-classifiee\" data-id=\"7377\" data-categories=\"non-classifiee\">\n\t<div class=\"w-blog-post-h\">\n\t\t<a href=\"https:\/\/www.afrikconsul.org\/fr\/widu-africa-online-atelier\/\">\n\t\t\t<div class=\"w-blog-post-preview\">\n\t\t\t\t<img width=\"350\" height=\"350\" src=\"https:\/\/www.afrikconsul.org\/wp-content\/uploads\/2025\/11\/Widu-November-2025-350x350.jpg\" class=\"attachment-tnail-1x1-small size-tnail-1x1-small wp-post-image\" alt=\"\" loading=\"lazy\" srcset=\"https:\/\/www.afrikconsul.org\/wp-content\/uploads\/2025\/11\/Widu-November-2025-350x350.jpg 350w, https:\/\/www.afrikconsul.org\/wp-content\/uploads\/2025\/11\/Widu-November-2025-150x150.jpg 150w, https:\/\/www.afrikconsul.org\/wp-content\/uploads\/2025\/11\/Widu-November-2025-600x600.jpg 600w, https:\/\/www.afrikconsul.org\/wp-content\/uploads\/2025\/11\/Widu-November-2025-65x65.jpg 65w\" sizes=\"(max-width: 350px) 100vw, 350px\" \/>\t\t\t\t<span class=\"w-blog-post-preview-icon\" style=\"padding-bottom: 66.6667%;\"><\/span>\n\t\t\t<\/div>\n\t\t<\/a>\n\t\t<div class=\"w-blog-post-body\">\n\t\t\t<h2 class=\"w-blog-post-title\">\n\t\t\t\t<a class=\"entry-title\" rel=\"bookmark\" href=\"https:\/\/www.afrikconsul.org\/fr\/widu-africa-online-atelier\/\">WIDU AFRICA ONLINE ATELIER<\/a>\n\t\t\t<\/h2>\n\t\t\t<div class=\"w-blog-post-meta\">\n\t\t\t\t<time class=\"w-blog-post-meta-date date updated\">17. November 2025<\/time><span class=\"w-blog-post-meta-author vcard author hidden\"><a href=\"https:\/\/www.afrikconsul.org\/fr\/profile\/marco\" class=\"fn\">Marc Kamdoum<\/a><\/span>\t\t\t<\/div>\n\t\t\t<div class=\"w-blog-post-content\">\n\t\t\t\t<p>TOGO WIDU ONLINE WORKSHOP Comment B\u00e9n\u00e9ficier d\u2019une Subvention de 5000\u20ac pour soutenir votre ENTREPRISE?* Pr\u00eat \u00e0 postuler ? Participez au Seminaire zoom du 25.11.2025 en pr\u00e9sence des representants WIDU.AFRICA DEPUIS L\u2019ALLEMAGNE NB: Lien WORKSHOP DISPONIBLE avant le 25.11.2025Invitez vos parains de la Diaspora \u00e0 prendre part Au Seminaire en ligne WIDU ONLINE WORKSHOP : 25.11.2025Lom\u00e9:&#8230;<\/p>\n\t\t\t<\/div>\n\t\t\t<a class=\"w-blog-post-more w-btn\" href=\"https:\/\/www.afrikconsul.org\/fr\/widu-africa-online-atelier\/\"><span class=\"w-btn-label\">En savoir plus<\/span><\/a>\n\t\t<\/div>\n\t<\/div>\n<\/article>\n\n\n\n<article class=\"w-blog-post non-classifiee post-7139 post type-post status-publish format-standard has-post-thumbnail hentry category-non-classifiee\" data-id=\"7139\" data-categories=\"non-classifiee\">\n\t<div class=\"w-blog-post-h\">\n\t\t<a href=\"https:\/\/www.afrikconsul.org\/fr\/pre-enrolement-nouveau-passeport-camerounais\/\">\n\t\t\t<div class=\"w-blog-post-preview\">\n\t\t\t\t<img width=\"350\" height=\"350\" src=\"https:\/\/www.afrikconsul.org\/wp-content\/uploads\/2022\/05\/PASSPORT-ASSISTANCE-CAMEROUN-350x350.png\" class=\"attachment-tnail-1x1-small size-tnail-1x1-small wp-post-image\" alt=\"\" loading=\"lazy\" srcset=\"https:\/\/www.afrikconsul.org\/wp-content\/uploads\/2022\/05\/PASSPORT-ASSISTANCE-CAMEROUN-350x350.png 350w, https:\/\/www.afrikconsul.org\/wp-content\/uploads\/2022\/05\/PASSPORT-ASSISTANCE-CAMEROUN-150x150.png 150w, https:\/\/www.afrikconsul.org\/wp-content\/uploads\/2022\/05\/PASSPORT-ASSISTANCE-CAMEROUN-600x600.png 600w, https:\/\/www.afrikconsul.org\/wp-content\/uploads\/2022\/05\/PASSPORT-ASSISTANCE-CAMEROUN-65x65.png 65w\" sizes=\"(max-width: 350px) 100vw, 350px\" \/>\t\t\t\t<span class=\"w-blog-post-preview-icon\" style=\"padding-bottom: 66.6667%;\"><\/span>\n\t\t\t<\/div>\n\t\t<\/a>\n\t\t<div class=\"w-blog-post-body\">\n\t\t\t<h2 class=\"w-blog-post-title\">\n\t\t\t\t<a class=\"entry-title\" rel=\"bookmark\" href=\"https:\/\/www.afrikconsul.org\/fr\/pre-enrolement-nouveau-passeport-camerounais\/\">Pr\u00e9-enrolement nouveau passeport Camerounais<\/a>\n\t\t\t<\/h2>\n\t\t\t<div class=\"w-blog-post-meta\">\n\t\t\t\t<time class=\"w-blog-post-meta-date date updated\">7. May 2023<\/time><span class=\"w-blog-post-meta-author vcard author hidden\"><a href=\"https:\/\/www.afrikconsul.org\/fr\/profile\/marco\" class=\"fn\">Marc Kamdoum<\/a><\/span>\t\t\t<\/div>\n\t\t\t<div class=\"w-blog-post-content\">\n\t\t\t\t<p>D\u00e9but juin 2021, le Cameroun ???????? a introduit un nouveau passeport. De nombreux Camerounais de la diaspora ont des difficult\u00e9s \u00e0 s&#8217;enregistrer en ligne. AFRIKCONSUL \u00a0\u00e0 travers ses Actions , vous accompagne pour toutes les demandes en ligne soient trait\u00e9es rapidement et sans probl\u00e8me. Ainsi, les points suivants sont pris en charge par AFRIKCONSUL e.V\u00a0:&#8230;<\/p>\n\t\t\t<\/div>\n\t\t\t<a class=\"w-blog-post-more w-btn\" href=\"https:\/\/www.afrikconsul.org\/fr\/pre-enrolement-nouveau-passeport-camerounais\/\"><span class=\"w-btn-label\">En savoir plus<\/span><\/a>\n\t\t<\/div>\n\t<\/div>\n<\/article>\n\n\n\n<article class=\"w-blog-post non-classifiee post-7124 post type-post status-publish format-standard has-post-thumbnail hentry category-non-classifiee\" data-id=\"7124\" data-categories=\"non-classifiee\">\n\t<div class=\"w-blog-post-h\">\n\t\t<a href=\"https:\/\/www.afrikconsul.org\/fr\/salon-du-tourisme-au-cameroun\/\">\n\t\t\t<div class=\"w-blog-post-preview\">\n\t\t\t\t<img width=\"350\" height=\"350\" src=\"https:\/\/www.afrikconsul.org\/wp-content\/uploads\/2022\/05\/AFROBRIDGE-GO-AFRICA-350x350.jpg\" class=\"attachment-tnail-1x1-small size-tnail-1x1-small wp-post-image\" alt=\"\" loading=\"lazy\" srcset=\"https:\/\/www.afrikconsul.org\/wp-content\/uploads\/2022\/05\/AFROBRIDGE-GO-AFRICA-350x350.jpg 350w, https:\/\/www.afrikconsul.org\/wp-content\/uploads\/2022\/05\/AFROBRIDGE-GO-AFRICA-300x300.jpg 300w, https:\/\/www.afrikconsul.org\/wp-content\/uploads\/2022\/05\/AFROBRIDGE-GO-AFRICA-150x150.jpg 150w, https:\/\/www.afrikconsul.org\/wp-content\/uploads\/2022\/05\/AFROBRIDGE-GO-AFRICA-768x768.jpg 768w, https:\/\/www.afrikconsul.org\/wp-content\/uploads\/2022\/05\/AFROBRIDGE-GO-AFRICA-600x600.jpg 600w, https:\/\/www.afrikconsul.org\/wp-content\/uploads\/2022\/05\/AFROBRIDGE-GO-AFRICA-65x65.jpg 65w, https:\/\/www.afrikconsul.org\/wp-content\/uploads\/2022\/05\/AFROBRIDGE-GO-AFRICA.jpg 960w\" sizes=\"(max-width: 350px) 100vw, 350px\" \/>\t\t\t\t<span class=\"w-blog-post-preview-icon\" style=\"padding-bottom: 66.6667%;\"><\/span>\n\t\t\t<\/div>\n\t\t<\/a>\n\t\t<div class=\"w-blog-post-body\">\n\t\t\t<h2 class=\"w-blog-post-title\">\n\t\t\t\t<a class=\"entry-title\" rel=\"bookmark\" href=\"https:\/\/www.afrikconsul.org\/fr\/salon-du-tourisme-au-cameroun\/\">SALON DU TOURISME AU CAMEROUN<\/a>\n\t\t\t<\/h2>\n\t\t\t<div class=\"w-blog-post-meta\">\n\t\t\t\t<time class=\"w-blog-post-meta-date date updated\">1. May 2023<\/time><span class=\"w-blog-post-meta-author vcard author hidden\"><a href=\"https:\/\/www.afrikconsul.org\/fr\/profile\/marco\" class=\"fn\">Marc Kamdoum<\/a><\/span>\t\t\t<\/div>\n\t\t\t<div class=\"w-blog-post-content\">\n\t\t\t\t<p>AFRIKCONSUL\u00a0participera au 4\u00e8me Salon International du Tourisme Durable MERCATOUR qui se tiendra \u00e0 Yaound\u00e9 du 27 septembre au 1er octobre 2022&#8230; Ensemble, nous donnons une chance \u00e0 la reprise du secteur du tourisme et des loisirs en Afrique&#8230; IMPORTANT: SOUS L&#8217;\u00c9GIDE DU MINIST\u00c8RE DU TOURISME ET DES LOISIRS.<\/p>\n\t\t\t<\/div>\n\t\t\t<a class=\"w-blog-post-more w-btn\" href=\"https:\/\/www.afrikconsul.org\/fr\/salon-du-tourisme-au-cameroun\/\"><span class=\"w-btn-label\">En savoir plus<\/span><\/a>\n\t\t<\/div>\n\t<\/div>\n<\/article>\n\n\n\n<article class=\"w-blog-post non-classifiee post-7031 post type-post status-publish format-standard has-post-thumbnail hentry category-non-classifiee\" data-id=\"7031\" data-categories=\"non-classifiee\">\n\t<div class=\"w-blog-post-h\">\n\t\t<a href=\"https:\/\/www.afrikconsul.org\/fr\/cef-immofinanz-afrobridge-nouveau-partenaire\/\">\n\t\t\t<div class=\"w-blog-post-preview\">\n\t\t\t\t<img width=\"350\" height=\"350\" src=\"https:\/\/www.afrikconsul.org\/wp-content\/uploads\/2022\/02\/Logo-CEF-ImmoFinanz__new-350x350.jpeg\" class=\"attachment-tnail-1x1-small size-tnail-1x1-small wp-post-image\" alt=\"\" loading=\"lazy\" srcset=\"https:\/\/www.afrikconsul.org\/wp-content\/uploads\/2022\/02\/Logo-CEF-ImmoFinanz__new-350x350.jpeg 350w, https:\/\/www.afrikconsul.org\/wp-content\/uploads\/2022\/02\/Logo-CEF-ImmoFinanz__new-150x150.jpeg 150w, https:\/\/www.afrikconsul.org\/wp-content\/uploads\/2022\/02\/Logo-CEF-ImmoFinanz__new-600x600.jpeg 600w, https:\/\/www.afrikconsul.org\/wp-content\/uploads\/2022\/02\/Logo-CEF-ImmoFinanz__new-65x65.jpeg 65w\" sizes=\"(max-width: 350px) 100vw, 350px\" \/>\t\t\t\t<span class=\"w-blog-post-preview-icon\" style=\"padding-bottom: 66.6667%;\"><\/span>\n\t\t\t<\/div>\n\t\t<\/a>\n\t\t<div class=\"w-blog-post-body\">\n\t\t\t<h2 class=\"w-blog-post-title\">\n\t\t\t\t<a class=\"entry-title\" rel=\"bookmark\" href=\"https:\/\/www.afrikconsul.org\/fr\/cef-immofinanz-afrobridge-nouveau-partenaire\/\">CEF IMMOFINANZ | Afrikconsul  Nouveau Partenaire<\/a>\n\t\t\t<\/h2>\n\t\t\t<div class=\"w-blog-post-meta\">\n\t\t\t\t<time class=\"w-blog-post-meta-date date updated\">5. October 2021<\/time><span class=\"w-blog-post-meta-author vcard author hidden\"><a href=\"https:\/\/www.afrikconsul.org\/fr\/profile\/marco\" class=\"fn\">Marc Kamdoum<\/a><\/span>\t\t\t<\/div>\n\t\t\t<div class=\"w-blog-post-content\">\n\t\t\t\t<p>CEF IMMOFINANZ, Votre Partenaire Id\u00e9al Nous vous conseillons gr\u00e2ce \u00e0 nos connaissances sp\u00e9cialis\u00e9es dans les domaines du financement, de l\u2019immobilier, des assurances, ainsi que des strat\u00e9gies d\u2019investissement ax\u00e9es sur le b\u00e2tissement de votre patrimoine. Nous vous montrons avec des moyens simples comment vous pouvez g\u00e9n\u00e9rer des avantages financiers dans chaque situation de vie. Nos Services&#8230;<\/p>\n\t\t\t<\/div>\n\t\t\t<a class=\"w-blog-post-more w-btn\" href=\"https:\/\/www.afrikconsul.org\/fr\/cef-immofinanz-afrobridge-nouveau-partenaire\/\"><span class=\"w-btn-label\">En savoir plus<\/span><\/a>\n\t\t<\/div>\n\t<\/div>\n<\/article>\n\n\n\n<article class=\"w-blog-post non-classifiee post-6213 post type-post status-publish format-standard has-post-thumbnail hentry category-non-classifiee\" data-id=\"6213\" data-categories=\"non-classifiee\">\n\t<div class=\"w-blog-post-h\">\n\t\t<a href=\"https:\/\/www.afrikconsul.org\/fr\/dr-akuma-saningong-partner-afrobridge-orateur-motivant\/\">\n\t\t\t<div class=\"w-blog-post-preview\">\n\t\t\t\t<img width=\"350\" height=\"350\" src=\"https:\/\/www.afrikconsul.org\/wp-content\/uploads\/2018\/07\/Logo-Akuma-French-350x350.jpeg\" class=\"attachment-tnail-1x1-small size-tnail-1x1-small wp-post-image\" alt=\"\" loading=\"lazy\" srcset=\"https:\/\/www.afrikconsul.org\/wp-content\/uploads\/2018\/07\/Logo-Akuma-French-350x350.jpeg 350w, https:\/\/www.afrikconsul.org\/wp-content\/uploads\/2018\/07\/Logo-Akuma-French-150x150.jpeg 150w, https:\/\/www.afrikconsul.org\/wp-content\/uploads\/2018\/07\/Logo-Akuma-French-600x600.jpeg 600w, https:\/\/www.afrikconsul.org\/wp-content\/uploads\/2018\/07\/Logo-Akuma-French-65x65.jpeg 65w\" sizes=\"(max-width: 350px) 100vw, 350px\" \/>\t\t\t\t<span class=\"w-blog-post-preview-icon\" style=\"padding-bottom: 66.6667%;\"><\/span>\n\t\t\t<\/div>\n\t\t<\/a>\n\t\t<div class=\"w-blog-post-body\">\n\t\t\t<h2 class=\"w-blog-post-title\">\n\t\t\t\t<a class=\"entry-title\" rel=\"bookmark\" href=\"https:\/\/www.afrikconsul.org\/fr\/dr-akuma-saningong-partner-afrobridge-orateur-motivant\/\">Dr. Akuma Saningong Partner-Afrikconsul | Orateur motivant<\/a>\n\t\t\t<\/h2>\n\t\t\t<div class=\"w-blog-post-meta\">\n\t\t\t\t<time class=\"w-blog-post-meta-date date updated\">1. July 2020<\/time><span class=\"w-blog-post-meta-author vcard author hidden\"><a href=\"https:\/\/www.afrikconsul.org\/fr\/profile\/marco\" class=\"fn\">Marc Kamdoum<\/a><\/span>\t\t\t<\/div>\n\t\t\t<div class=\"w-blog-post-content\">\n\t\t\t\t<p>Tu es plus fort que Tu ne le penses! \u201eInvestis en toi-m\u00eame car si tu ne le fais pas, personne ne le fera.\u201c-Akuma Saningong Dr. Akuma Saningong est un Ma\u00eetre communicateur et expert en D\u00e9verrouillage et\u00a0Maximisation de ton Potentiel. Il est un conf\u00e9rencier et un auteur international inspirant et divertissant, qui a su \u00e9mouvoir de&#8230;<\/p>\n\t\t\t<\/div>\n\t\t\t<a class=\"w-blog-post-more w-btn\" href=\"https:\/\/www.afrikconsul.org\/fr\/dr-akuma-saningong-partner-afrobridge-orateur-motivant\/\"><span class=\"w-btn-label\">En savoir plus<\/span><\/a>\n\t\t<\/div>\n\t<\/div>\n<\/article>\n\n<\/div><\/div><\/div><\/div><div class=\"vc_col-sm-4 wpb_column vc_column_container\"><div class=\"vc_column-inner\"><div class=\"g-cols wpb_row offset_medium vc_inner \"><div class=\"vc_col-sm-12 wpb_column vc_column_container\"><div class=\"vc_column-inner\">[vc_widget_sidebar sidebar_id=&#8221;us_widget_area_sidebarfr&#8221;]<\/div><\/div><\/div><\/div><\/div><\/div><\/div><\/section>\n","protected":false},"excerpt":{"rendered":"Tu es plus fort que Tu ne le penses! \u201eInvestis en toi-m\u00eame car si tu ne le fais pas, personne ne le fera.\u201c-Akuma Saningong Dr. Akuma Saningong est un Ma\u00eetre communicateur et expert en D\u00e9verrouillage et\u00a0Maximisation de ton Potentiel. Il est un conf\u00e9rencier et un auteur international inspirant et divertissant, qui a su \u00e9mouvoir de...","protected":false},"author":3,"featured_media":5521,"parent":0,"menu_order":0,"comment_status":"closed","ping_status":"closed","template":"","meta":[],"_links":{"self":[{"href":"https:\/\/www.afrikconsul.org\/fr\/wp-json\/wp\/v2\/pages\/416"}],"collection":[{"href":"https:\/\/www.afrikconsul.org\/fr\/wp-json\/wp\/v2\/pages"}],"about":[{"href":"https:\/\/www.afrikconsul.org\/fr\/wp-json\/wp\/v2\/types\/page"}],"author":[{"embeddable":true,"href":"https:\/\/www.afrikconsul.org\/fr\/wp-json\/wp\/v2\/users\/3"}],"replies":[{"embeddable":true,"href":"https:\/\/www.afrikconsul.org\/fr\/wp-json\/wp\/v2\/comments?post=416"}],"version-history":[{"count":10,"href":"https:\/\/www.afrikconsul.org\/fr\/wp-json\/wp\/v2\/pages\/416\/revisions"}],"predecessor-version":[{"id":7206,"href":"https:\/\/www.afrikconsul.org\/fr\/wp-json\/wp\/v2\/pages\/416\/revisions\/7206"}],"wp:featuredmedia":[{"embeddable":true,"href":"https:\/\/www.afrikconsul.org\/fr\/wp-json\/wp\/v2\/media\/5521"}],"wp:attachment":[{"href":"https:\/\/www.afrikconsul.org\/fr\/wp-json\/wp\/v2\/media?parent=416"}],"curies":[{"name":"wp","href":"https:\/\/api.w.org\/{rel}","templated":true}]}}